{"id":242,"date":"2022-10-14T14:36:54","date_gmt":"2022-10-14T14:36:54","guid":{"rendered":"https:\/\/dan.dev.nathanbosch.nl\/?page_id=242"},"modified":"2023-12-12T16:16:44","modified_gmt":"2023-12-12T15:16:44","slug":"meine-geschichte","status":"publish","type":"page","link":"https:\/\/www.diagnosedan.com\/de\/my-story\/","title":{"rendered":"Meine Geschichte"},"content":{"rendered":"<div data-elementor-type=\"wp-page\" data-elementor-id=\"242\" class=\"elementor elementor-242\" data-elementor-post-type=\"page\">\n\t\t\t\t\t\t<section class=\"elementor-section elementor-top-section elementor-element elementor-element-7bfda0d3 hero left elementor-section-height-min-height elementor-section-boxed elementor-section-height-default elementor-section-items-middle\" data-id=\"7bfda0d3\" data-element_type=\"section\" data-e-type=\"section\" data-settings=\"{&quot;background_background&quot;:&quot;classic&quot;}\">\n\t\t\t\t\t\t\t<div class=\"elementor-background-overlay\"><\/div>\n\t\t\t\t\t\t\t<div class=\"elementor-container elementor-column-gap-no\">\n\t\t\t\t\t<div class=\"elementor-column elementor-col-50 elementor-top-column elementor-element elementor-element-41086c52\" data-id=\"41086c52\" data-element_type=\"column\" data-e-type=\"column\" data-settings=\"{&quot;background_background&quot;:&quot;classic&quot;}\">\n\t\t\t<div class=\"elementor-widget-wrap elementor-element-populated\">\n\t\t\t\t\t\t<div class=\"elementor-element elementor-element-53bc76c9 elementor-widget elementor-widget-heading\" data-id=\"53bc76c9\" data-element_type=\"widget\" data-e-type=\"widget\" data-widget_type=\"heading.default\">\n\t\t\t\t<div class=\"elementor-widget-container\">\n\t\t\t\t\t<h1 class=\"elementor-heading-title elementor-size-default\">Meine<br \/>\n<b>Geschichte<\/b><\/h1>\t\t\t\t<\/div>\n\t\t\t\t<\/div>\n\t\t\t\t\t<\/div>\n\t\t<\/div>\n\t\t\t\t<div class=\"elementor-column elementor-col-50 elementor-top-column elementor-element elementor-element-52a9d030\" data-id=\"52a9d030\" data-element_type=\"column\" data-e-type=\"column\">\n\t\t\t<div class=\"elementor-widget-wrap\">\n\t\t\t\t\t\t\t<\/div>\n\t\t<\/div>\n\t\t\t\t\t<\/div>\n\t\t<\/section>\n\t\t\t\t<section class=\"elementor-section elementor-top-section elementor-element elementor-element-42fb016 elementor-section-boxed elementor-section-height-default elementor-section-height-default\" data-id=\"42fb016\" data-element_type=\"section\" data-e-type=\"section\">\n\t\t\t\t\t\t<div class=\"elementor-container elementor-column-gap-default\">\n\t\t\t\t\t<div class=\"elementor-column elementor-col-100 elementor-top-column elementor-element elementor-element-c10aafb\" data-id=\"c10aafb\" data-element_type=\"column\" data-e-type=\"column\">\n\t\t\t<div class=\"elementor-widget-wrap elementor-element-populated\">\n\t\t\t\t\t\t<div class=\"elementor-element elementor-element-8fbddfa elementor-widget elementor-widget-text-editor\" data-id=\"8fbddfa\" data-element_type=\"widget\" data-e-type=\"widget\" data-widget_type=\"text-editor.default\">\n\t\t\t\t<div class=\"elementor-widget-container\">\n\t\t\t\t\t\t\t\t\tAs a young boy I helped out in my dads workshop on Saturdays and after school. My dad owned a junkyard with a little workshop. One day a customer came by and asked me if we had a good replacement Volkswagen Golf Diesel engine. I didn\u2019t see my dad so I asked the customer to follow me to the row of Volkswagens in the Junkyard and one by one I started opening the hood of each Golf. The third Golf \ufb01nally had an engine in it, and I asked the customer; \u2018\u2019Is this what you\u2019re looking for Sir?\u201d He answered \u201cI\u2019m afraid that\u2019s a petrol and not a Diesel engine Boy\u201d. At that time I couldn\u2019t tell the difference between a Diesel and a Petrol engine. \t\t\t\t\t\t\t\t<\/div>\n\t\t\t\t<\/div>\n\t\t\t\t<div class=\"elementor-element elementor-element-f30a557 elementor-widget elementor-widget-image\" data-id=\"f30a557\" data-element_type=\"widget\" data-e-type=\"widget\" data-widget_type=\"image.default\">\n\t\t\t\t<div class=\"elementor-widget-container\">\n\t\t\t\t\t\t\t\t\t\t\t\t\t\t\t<img fetchpriority=\"high\" decoding=\"async\" width=\"800\" height=\"389\" src=\"https:\/\/www.diagnosedan.com\/wp-content\/uploads\/2023\/01\/my_story.jpg\" class=\"attachment-large size-large wp-image-1032\" alt=\"\" srcset=\"https:\/\/www.diagnosedan.com\/wp-content\/uploads\/2023\/01\/my_story.jpg 843w, https:\/\/www.diagnosedan.com\/wp-content\/uploads\/2023\/01\/my_story-300x146.jpg 300w, https:\/\/www.diagnosedan.com\/wp-content\/uploads\/2023\/01\/my_story-768x374.jpg 768w, https:\/\/www.diagnosedan.com\/wp-content\/uploads\/2023\/01\/my_story-18x9.jpg 18w, https:\/\/www.diagnosedan.com\/wp-content\/uploads\/2023\/01\/my_story-500x243.jpg 500w, https:\/\/www.diagnosedan.com\/wp-content\/uploads\/2023\/01\/my_story-250x122.jpg 250w\" sizes=\"(max-width: 800px) 100vw, 800px\" \/>\t\t\t\t\t\t\t\t\t\t\t\t\t\t\t<\/div>\n\t\t\t\t<\/div>\n\t\t\t\t<div class=\"elementor-element elementor-element-3efcce9 elementor-widget elementor-widget-text-editor\" data-id=\"3efcce9\" data-element_type=\"widget\" data-e-type=\"widget\" data-widget_type=\"text-editor.default\">\n\t\t\t\t<div class=\"elementor-widget-container\">\n\t\t\t\t\t\t\t\t\t<p class=\"p1\">Obwohl ich sehr jung war, war ich stolz auf meine Arbeit und ich erinnere mich, dass ich mich sehr peinlich ber\u00fchrt f\u00fchlte, und in diesem Moment wollte ich nie wieder in dieser Position sein. Ich fing an, alles zu lesen, was ich an Autos finden konnte, und nahm Schrottteile auseinander, um zu sehen, wie sie funktionierten. Ich war entschlossen, alles zu lernen, was es \u00fcber sie zu wissen gibt. Heute, viele Jahre sp\u00e4ter, wei\u00df ich immer noch nicht alles und ich lerne jeder Tag etwas neues. Jedoch bin Ich ziemlich weit gekommen. Und ich teile gern das Wissen, das ich im Laufe der Jahre gesammelt habe, weil ich nie vergessen werde, wie ich mich an diesem Tag auf dem Schrottplatz gef\u00fchlt habe.<\/p>\t\t\t\t\t\t\t\t<\/div>\n\t\t\t\t<\/div>\n\t\t\t\t<div class=\"elementor-element elementor-element-f4e1b40 elementor-widget elementor-widget-image\" data-id=\"f4e1b40\" data-element_type=\"widget\" data-e-type=\"widget\" data-widget_type=\"image.default\">\n\t\t\t\t<div class=\"elementor-widget-container\">\n\t\t\t\t\t\t\t\t\t\t\t\t\t\t\t<img decoding=\"async\" width=\"1\" height=\"1\" src=\"https:\/\/www.diagnosedan.com\/wp-content\/uploads\/2022\/12\/danny_name.svg\" class=\"attachment-large size-large wp-image-884\" alt=\"\" \/>\t\t\t\t\t\t\t\t\t\t\t\t\t\t\t<\/div>\n\t\t\t\t<\/div>\n\t\t\t\t\t<\/div>\n\t\t<\/div>\n\t\t\t\t\t<\/div>\n\t\t<\/section>\n\t\t\t\t<\/div>","protected":false},"excerpt":{"rendered":"<p>My Story As a young boy I helped out in my dads workshop on Saturdays and after school. My dad owned a junkyard with a little workshop. One day a customer came by and asked me if we had a good replacement Volkswagen Golf Diesel engine. I didn\u2019t see my dad so I asked the [&hellip;]<\/p>\n","protected":false},"author":1,"featured_media":0,"parent":0,"menu_order":0,"comment_status":"closed","ping_status":"closed","template":"","meta":{"_acf_changed":false,"footnotes":""},"class_list":["post-242","page","type-page","status-publish","hentry"],"acf":[],"yoast_head":"<!-- This site is optimized with the Yoast SEO plugin v27.2 - https:\/\/yoast.com\/product\/yoast-seo-wordpress\/ -->\n<title>My story - DiagnoseDan<\/title>\n<meta name=\"robots\" content=\"index, follow, max-snippet:-1, max-image-preview:large, max-video-preview:-1\" \/>\n<link rel=\"canonical\" href=\"https:\/\/www.diagnosedan.com\/de\/meine-geschichte\/\" \/>\n<meta property=\"og:locale\" content=\"de_DE\" \/>\n<meta property=\"og:type\" content=\"article\" \/>\n<meta property=\"og:title\" content=\"My story - DiagnoseDan\" \/>\n<meta property=\"og:description\" content=\"My Story As a young boy I helped out in my dads workshop on Saturdays and after school. My dad owned a junkyard with a little workshop. One day a customer came by and asked me if we had a good replacement Volkswagen Golf Diesel engine. I didn\u2019t see my dad so I asked the [&hellip;]\" \/>\n<meta property=\"og:url\" content=\"https:\/\/www.diagnosedan.com\/de\/meine-geschichte\/\" \/>\n<meta property=\"og:site_name\" content=\"DiagnoseDan\" \/>\n<meta property=\"article:publisher\" content=\"https:\/\/www.facebook.com\/diagnoseDan\" \/>\n<meta property=\"article:modified_time\" content=\"2023-12-12T15:16:44+00:00\" \/>\n<meta property=\"og:image\" content=\"https:\/\/www.diagnosedan.com\/wp-content\/uploads\/2023\/01\/my_story.jpg\" \/>\n<meta name=\"twitter:card\" content=\"summary_large_image\" \/>\n<meta name=\"twitter:label1\" content=\"Gesch\u00e4tzte Lesezeit\" \/>\n\t<meta name=\"twitter:data1\" content=\"2\u00a0Minuten\" \/>\n<script type=\"application\/ld+json\" class=\"yoast-schema-graph\">{\"@context\":\"https:\/\/schema.org\",\"@graph\":[{\"@type\":\"WebPage\",\"@id\":\"https:\/\/www.diagnosedan.com\/my-story\/\",\"url\":\"https:\/\/www.diagnosedan.com\/my-story\/\",\"name\":\"My story - DiagnoseDan\",\"isPartOf\":{\"@id\":\"https:\/\/www.diagnosedan.com\/#website\"},\"primaryImageOfPage\":{\"@id\":\"https:\/\/www.diagnosedan.com\/my-story\/#primaryimage\"},\"image\":{\"@id\":\"https:\/\/www.diagnosedan.com\/my-story\/#primaryimage\"},\"thumbnailUrl\":\"https:\/\/www.diagnosedan.com\/wp-content\/uploads\/2023\/01\/my_story.jpg\",\"datePublished\":\"2022-10-14T14:36:54+00:00\",\"dateModified\":\"2023-12-12T15:16:44+00:00\",\"breadcrumb\":{\"@id\":\"https:\/\/www.diagnosedan.com\/my-story\/#breadcrumb\"},\"inLanguage\":\"de\",\"potentialAction\":[{\"@type\":\"ReadAction\",\"target\":[\"https:\/\/www.diagnosedan.com\/my-story\/\"]}]},{\"@type\":\"ImageObject\",\"inLanguage\":\"de\",\"@id\":\"https:\/\/www.diagnosedan.com\/my-story\/#primaryimage\",\"url\":\"https:\/\/www.diagnosedan.com\/wp-content\/uploads\/2023\/01\/my_story.jpg\",\"contentUrl\":\"https:\/\/www.diagnosedan.com\/wp-content\/uploads\/2023\/01\/my_story.jpg\"},{\"@type\":\"BreadcrumbList\",\"@id\":\"https:\/\/www.diagnosedan.com\/my-story\/#breadcrumb\",\"itemListElement\":[{\"@type\":\"ListItem\",\"position\":1,\"name\":\"Home\",\"item\":\"https:\/\/www.diagnosedan.com\/\"},{\"@type\":\"ListItem\",\"position\":2,\"name\":\"My story\"}]},{\"@type\":\"WebSite\",\"@id\":\"https:\/\/www.diagnosedan.com\/#website\",\"url\":\"https:\/\/www.diagnosedan.com\/\",\"name\":\"DiagnoseDan\",\"description\":\"\",\"publisher\":{\"@id\":\"https:\/\/www.diagnosedan.com\/#organization\"},\"potentialAction\":[{\"@type\":\"SearchAction\",\"target\":{\"@type\":\"EntryPoint\",\"urlTemplate\":\"https:\/\/www.diagnosedan.com\/?s={search_term_string}\"},\"query-input\":{\"@type\":\"PropertyValueSpecification\",\"valueRequired\":true,\"valueName\":\"search_term_string\"}}],\"inLanguage\":\"de\"},{\"@type\":\"Organization\",\"@id\":\"https:\/\/www.diagnosedan.com\/#organization\",\"name\":\"DiagnoseDan\",\"url\":\"https:\/\/www.diagnosedan.com\/\",\"logo\":{\"@type\":\"ImageObject\",\"inLanguage\":\"de\",\"@id\":\"https:\/\/www.diagnosedan.com\/#\/schema\/logo\/image\/\",\"url\":\"https:\/\/www.diagnosedan.com\/wp-content\/uploads\/2022\/10\/logo.svg\",\"contentUrl\":\"https:\/\/www.diagnosedan.com\/wp-content\/uploads\/2022\/10\/logo.svg\",\"width\":100,\"height\":100,\"caption\":\"DiagnoseDan\"},\"image\":{\"@id\":\"https:\/\/www.diagnosedan.com\/#\/schema\/logo\/image\/\"},\"sameAs\":[\"https:\/\/www.facebook.com\/diagnoseDan\"]}]}<\/script>\n<!-- \/ Yoast SEO plugin. -->","yoast_head_json":{"title":"My story - DiagnoseDan","robots":{"index":"index","follow":"follow","max-snippet":"max-snippet:-1","max-image-preview":"max-image-preview:large","max-video-preview":"max-video-preview:-1"},"canonical":"https:\/\/www.diagnosedan.com\/de\/meine-geschichte\/","og_locale":"de_DE","og_type":"article","og_title":"My story - DiagnoseDan","og_description":"My Story As a young boy I helped out in my dads workshop on Saturdays and after school. My dad owned a junkyard with a little workshop. One day a customer came by and asked me if we had a good replacement Volkswagen Golf Diesel engine. I didn\u2019t see my dad so I asked the [&hellip;]","og_url":"https:\/\/www.diagnosedan.com\/de\/meine-geschichte\/","og_site_name":"DiagnoseDan","article_publisher":"https:\/\/www.facebook.com\/diagnoseDan","article_modified_time":"2023-12-12T15:16:44+00:00","og_image":[{"url":"https:\/\/www.diagnosedan.com\/wp-content\/uploads\/2023\/01\/my_story.jpg","type":"","width":"","height":""}],"twitter_card":"summary_large_image","twitter_misc":{"Gesch\u00e4tzte Lesezeit":"2\u00a0Minuten"},"schema":{"@context":"https:\/\/schema.org","@graph":[{"@type":"WebPage","@id":"https:\/\/www.diagnosedan.com\/my-story\/","url":"https:\/\/www.diagnosedan.com\/my-story\/","name":"My story - DiagnoseDan","isPartOf":{"@id":"https:\/\/www.diagnosedan.com\/#website"},"primaryImageOfPage":{"@id":"https:\/\/www.diagnosedan.com\/my-story\/#primaryimage"},"image":{"@id":"https:\/\/www.diagnosedan.com\/my-story\/#primaryimage"},"thumbnailUrl":"https:\/\/www.diagnosedan.com\/wp-content\/uploads\/2023\/01\/my_story.jpg","datePublished":"2022-10-14T14:36:54+00:00","dateModified":"2023-12-12T15:16:44+00:00","breadcrumb":{"@id":"https:\/\/www.diagnosedan.com\/my-story\/#breadcrumb"},"inLanguage":"de","potentialAction":[{"@type":"ReadAction","target":["https:\/\/www.diagnosedan.com\/my-story\/"]}]},{"@type":"ImageObject","inLanguage":"de","@id":"https:\/\/www.diagnosedan.com\/my-story\/#primaryimage","url":"https:\/\/www.diagnosedan.com\/wp-content\/uploads\/2023\/01\/my_story.jpg","contentUrl":"https:\/\/www.diagnosedan.com\/wp-content\/uploads\/2023\/01\/my_story.jpg"},{"@type":"BreadcrumbList","@id":"https:\/\/www.diagnosedan.com\/my-story\/#breadcrumb","itemListElement":[{"@type":"ListItem","position":1,"name":"Home","item":"https:\/\/www.diagnosedan.com\/"},{"@type":"ListItem","position":2,"name":"My story"}]},{"@type":"WebSite","@id":"https:\/\/www.diagnosedan.com\/#website","url":"https:\/\/www.diagnosedan.com\/","name":"DiagnoseDan","description":"","publisher":{"@id":"https:\/\/www.diagnosedan.com\/#organization"},"potentialAction":[{"@type":"SearchAction","target":{"@type":"EntryPoint","urlTemplate":"https:\/\/www.diagnosedan.com\/?s={search_term_string}"},"query-input":{"@type":"PropertyValueSpecification","valueRequired":true,"valueName":"search_term_string"}}],"inLanguage":"de"},{"@type":"Organization","@id":"https:\/\/www.diagnosedan.com\/#organization","name":"DiagnoseDan","url":"https:\/\/www.diagnosedan.com\/","logo":{"@type":"ImageObject","inLanguage":"de","@id":"https:\/\/www.diagnosedan.com\/#\/schema\/logo\/image\/","url":"https:\/\/www.diagnosedan.com\/wp-content\/uploads\/2022\/10\/logo.svg","contentUrl":"https:\/\/www.diagnosedan.com\/wp-content\/uploads\/2022\/10\/logo.svg","width":100,"height":100,"caption":"DiagnoseDan"},"image":{"@id":"https:\/\/www.diagnosedan.com\/#\/schema\/logo\/image\/"},"sameAs":["https:\/\/www.facebook.com\/diagnoseDan"]}]}},"_links":{"self":[{"href":"https:\/\/www.diagnosedan.com\/de\/wp-json\/wp\/v2\/pages\/242","targetHints":{"allow":["GET"]}}],"collection":[{"href":"https:\/\/www.diagnosedan.com\/de\/wp-json\/wp\/v2\/pages"}],"about":[{"href":"https:\/\/www.diagnosedan.com\/de\/wp-json\/wp\/v2\/types\/page"}],"author":[{"embeddable":true,"href":"https:\/\/www.diagnosedan.com\/de\/wp-json\/wp\/v2\/users\/1"}],"replies":[{"embeddable":true,"href":"https:\/\/www.diagnosedan.com\/de\/wp-json\/wp\/v2\/comments?post=242"}],"version-history":[{"count":36,"href":"https:\/\/www.diagnosedan.com\/de\/wp-json\/wp\/v2\/pages\/242\/revisions"}],"predecessor-version":[{"id":3624,"href":"https:\/\/www.diagnosedan.com\/de\/wp-json\/wp\/v2\/pages\/242\/revisions\/3624"}],"wp:attachment":[{"href":"https:\/\/www.diagnosedan.com\/de\/wp-json\/wp\/v2\/media?parent=242"}],"curies":[{"name":"wp","href":"https:\/\/api.w.org\/{rel}","templated":true}]}}