{"id":15,"date":"2022-10-13T12:43:28","date_gmt":"2022-10-13T12:43:28","guid":{"rendered":"https:\/\/dan.dev.nathanbosch.nl\/?page_id=15"},"modified":"2022-12-15T13:05:23","modified_gmt":"2022-12-15T13:05:23","slug":"webshop","status":"publish","type":"page","link":"https:\/\/www.diagnosedan.com\/de\/webshop\/","title":{"rendered":"Webshop"},"content":{"rendered":"<div data-elementor-type=\"wp-page\" data-elementor-id=\"15\" class=\"elementor elementor-15\" data-elementor-post-type=\"page\">\n\t\t\t\t\t\t<section class=\"elementor-section elementor-top-section elementor-element elementor-element-695c817 elementor-section-full_width elementor-section-height-default elementor-section-height-default\" data-id=\"695c817\" data-element_type=\"section\" data-e-type=\"section\">\n\t\t\t\t\t\t<div class=\"elementor-container elementor-column-gap-no\">\n\t\t\t\t\t<div class=\"elementor-column elementor-col-100 elementor-top-column elementor-element elementor-element-6062bf6\" data-id=\"6062bf6\" data-element_type=\"column\" data-e-type=\"column\">\n\t\t\t<div class=\"elementor-widget-wrap elementor-element-populated\">\n\t\t\t\t\t\t<div class=\"elementor-element elementor-element-d9ad37a elementor-widget elementor-widget-template\" data-id=\"d9ad37a\" data-element_type=\"widget\" data-e-type=\"widget\" data-widget_type=\"template.default\">\n\t\t\t\t<div class=\"elementor-widget-container\">\n\t\t\t\t\t\t\t<div class=\"elementor-template\">\n\t\t\t\t\t<div data-elementor-type=\"section\" data-elementor-id=\"725\" class=\"elementor elementor-725\" data-elementor-post-type=\"elementor_library\">\n\t\t\t\t\t<section class=\"elementor-section elementor-top-section elementor-element elementor-element-24194ced hero left elementor-section-height-min-height elementor-section-boxed elementor-section-height-default elementor-section-items-middle\" data-id=\"24194ced\" data-element_type=\"section\" data-e-type=\"section\" data-settings=\"{&quot;background_background&quot;:&quot;classic&quot;}\">\n\t\t\t\t\t\t\t<div class=\"elementor-background-overlay\"><\/div>\n\t\t\t\t\t\t\t<div class=\"elementor-container elementor-column-gap-no\">\n\t\t\t\t\t<div class=\"elementor-column elementor-col-50 elementor-top-column elementor-element elementor-element-21b29d36\" data-id=\"21b29d36\" data-element_type=\"column\" data-e-type=\"column\" data-settings=\"{&quot;background_background&quot;:&quot;classic&quot;}\">\n\t\t\t<div class=\"elementor-widget-wrap elementor-element-populated\">\n\t\t\t\t\t\t<div class=\"elementor-element elementor-element-2161fbda elementor-widget elementor-widget-heading\" data-id=\"2161fbda\" data-element_type=\"widget\" data-e-type=\"widget\" data-widget_type=\"heading.default\">\n\t\t\t\t<div class=\"elementor-widget-container\">\n\t\t\t\t\t<h1 class=\"elementor-heading-title elementor-size-default\"><b>DiagnoseDan<\/b><br \/>Webshop<\/h1>\t\t\t\t<\/div>\n\t\t\t\t<\/div>\n\t\t\t\t\t<\/div>\n\t\t<\/div>\n\t\t\t\t<div class=\"elementor-column elementor-col-50 elementor-top-column elementor-element elementor-element-69235e8\" data-id=\"69235e8\" data-element_type=\"column\" data-e-type=\"column\">\n\t\t\t<div class=\"elementor-widget-wrap\">\n\t\t\t\t\t\t\t<\/div>\n\t\t<\/div>\n\t\t\t\t\t<\/div>\n\t\t<\/section>\n\t\t\t\t<\/div>\n\t\t\t\t<\/div>\n\t\t\t\t\t\t<\/div>\n\t\t\t\t<\/div>\n\t\t\t\t\t<\/div>\n\t\t<\/div>\n\t\t\t\t\t<\/div>\n\t\t<\/section>\n\t\t\t\t<section class=\"elementor-section elementor-top-section elementor-element elementor-element-58a107a elementor-section-boxed elementor-section-height-default elementor-section-height-default\" data-id=\"58a107a\" data-element_type=\"section\" data-e-type=\"section\">\n\t\t\t\t\t\t<div class=\"elementor-container elementor-column-gap-default\">\n\t\t\t\t\t<div class=\"elementor-column elementor-col-100 elementor-top-column elementor-element elementor-element-8f61f35\" data-id=\"8f61f35\" data-element_type=\"column\" data-e-type=\"column\">\n\t\t\t<div class=\"elementor-widget-wrap elementor-element-populated\">\n\t\t\t\t\t\t<div class=\"elementor-element elementor-element-7791e27 elementor-widget elementor-widget-text-editor\" data-id=\"7791e27\" data-element_type=\"widget\" data-e-type=\"widget\" data-widget_type=\"text-editor.default\">\n\t\t\t\t<div class=\"elementor-widget-container\">\n\t\t\t\t\t\t\t\t\t<p class=\"p1\">In unserem Shop \ufb01nden Sie nur von Diagnosedan zugelassene Produkte von empfohlenen Lieferanten.&nbsp;<br><span style=\"color: var( --e-global-color-ca303dc ); font-family: var( --e-global-typography-text-font-family ), Sans-serif; font-size: var( --e-global-typography-text-font-size ); font-weight: var( --e-global-typography-text-font-weight ); background-color: var( --e-global-color-secondary );\">Produkte von Profis f\u00fcr Profis<\/span><\/p>\t\t\t\t\t\t\t\t<\/div>\n\t\t\t\t<\/div>\n\t\t\t\t\t<\/div>\n\t\t<\/div>\n\t\t\t\t\t<\/div>\n\t\t<\/section>\n\t\t\t\t<section class=\"elementor-section elementor-top-section elementor-element elementor-element-5589ca2 elementor-section-boxed elementor-section-height-default elementor-section-height-default\" data-id=\"5589ca2\" data-element_type=\"section\" data-e-type=\"section\">\n\t\t\t\t\t\t<div class=\"elementor-container elementor-column-gap-default\">\n\t\t\t\t\t<div class=\"elementor-column elementor-col-100 elementor-top-column elementor-element elementor-element-912103e\" data-id=\"912103e\" data-element_type=\"column\" data-e-type=\"column\">\n\t\t\t<div class=\"elementor-widget-wrap elementor-element-populated\">\n\t\t\t\t\t\t<div class=\"elementor-element elementor-element-5f703ba elementor-widget elementor-widget-shortcode\" data-id=\"5f703ba\" data-element_type=\"widget\" data-e-type=\"widget\" data-widget_type=\"shortcode.default\">\n\t\t\t\t<div class=\"elementor-widget-container\">\n\t\t\t\t\t\t\t<div class=\"elementor-shortcode\"><div class='shop_categories'><div class='shop_categories_list'><div class='shop_categories_list_item'><a href='https:\/\/www.diagnosedan.com\/de\/webshop\/dans-favourites-special-offer\/'><h2 class='categorie_name'>Dan's Favoriten \/ Sonderangebote<\/h2><div class='num_products'>8 products<\/div><div class='image_wrapper'><img src='https:\/\/www.diagnosedan.com\/wp-content\/uploads\/2023\/03\/Logo-DiagnoseDan-zonder-schaduw-wel-met-witrand-2-1-300x97.png'\/><\/div><\/a><\/div><div class='shop_categories_list_item'><a href='https:\/\/www.diagnosedan.com\/de\/webshop\/wheels\/'><h2 class='categorie_name'>R\u00e4der<\/h2><div class='num_products'>9 Produkte<\/div><div class='image_wrapper'><img src='https:\/\/www.diagnosedan.com\/wp-content\/uploads\/2023\/02\/wheels-1.png'\/><\/div><\/a><\/div><div class='shop_categories_list_item'><a href='https:\/\/www.diagnosedan.com\/de\/webshop\/hand-tools\/'><h2 class='categorie_name'>HANDWERKZEUGE<\/h2><div class='num_products'>36 products<\/div><div class='image_wrapper'><img src='https:\/\/www.diagnosedan.com\/wp-content\/uploads\/2023\/02\/hand-tool.jpg'\/><\/div><\/a><\/div><div class='shop_categories_list_item'><a href='https:\/\/www.diagnosedan.com\/de\/webshop\/chassis\/'><h2 class='categorie_name'>CHASSIS<\/h2><div class='num_products'>12 products<\/div><div class='image_wrapper'><img src='https:\/\/www.diagnosedan.com\/wp-content\/uploads\/2023\/02\/chassis.png'\/><\/div><\/a><\/div><div class='shop_categories_list_item'><a href='https:\/\/www.diagnosedan.com\/de\/webshop\/battery\/'><h2 class='categorie_name'>Batterie<\/h2><div class='num_products'>17 Produkte<\/div><div class='image_wrapper'><img src='https:\/\/www.diagnosedan.com\/wp-content\/uploads\/2023\/02\/battery.jpg'\/><\/div><\/a><\/div><div class='shop_categories_list_item'><a href='https:\/\/www.diagnosedan.com\/de\/webshop\/cooling-system\/'><h2 class='categorie_name'>K\u00dcHLSYSTEM<\/h2><div class='num_products'>13 products<\/div><div class='image_wrapper'><img src='https:\/\/www.diagnosedan.com\/wp-content\/uploads\/2023\/02\/cooling-system.png'\/><\/div><\/a><\/div><div class='shop_categories_list_item'><a href='https:\/\/www.diagnosedan.com\/de\/webshop\/engine\/'><h2 class='categorie_name'>MOTOR<\/h2><div class='num_products'>94 products<\/div><div class='image_wrapper'><img src='https:\/\/www.diagnosedan.com\/wp-content\/uploads\/2023\/02\/engine.png'\/><\/div><\/a><\/div><div class='shop_categories_list_item'><a href='https:\/\/www.diagnosedan.com\/de\/webshop\/automotive-electrical-circuit\/'><h2 class='categorie_name'>Kfz-Stromkreis<\/h2><div class='num_products'>29 products<\/div><div class='image_wrapper'><img src='https:\/\/www.diagnosedan.com\/wp-content\/uploads\/2023\/02\/automotive-1.png'\/><\/div><\/a><\/div><div class='shop_categories_list_item'><a href='https:\/\/www.diagnosedan.com\/de\/webshop\/brakes\/'><h2 class='categorie_name'>Bremsen<\/h2><div class='num_products'>19 products<\/div><div class='image_wrapper'><img src='https:\/\/www.diagnosedan.com\/wp-content\/uploads\/2023\/02\/brakes.png'\/><\/div><\/a><\/div><div class='shop_categories_list_item'><a href='https:\/\/www.diagnosedan.com\/de\/webshop\/fluid-transfer\/'><h2 class='categorie_name'>Fl\u00fcssigkeitstransfer<\/h2><div class='num_products'>20 Produkte<\/div><div class='image_wrapper'><img src='https:\/\/www.diagnosedan.com\/wp-content\/uploads\/2023\/02\/fluid-transfert-1.png'\/><\/div><\/a><\/div><div class='shop_categories_list_item'><a href='https:\/\/www.diagnosedan.com\/de\/webshop\/bodywork\/'><h2 class='categorie_name'>KAROSSERIE<\/h2><div class='num_products'>33 products<\/div><div class='image_wrapper'><img src='https:\/\/www.diagnosedan.com\/wp-content\/uploads\/2023\/02\/body-work.png'\/><\/div><\/a><\/div><div class='shop_categories_list_item'><a href='https:\/\/www.diagnosedan.com\/de\/webshop\/inspection-tools\/'><h2 class='categorie_name'>Inspektionswerkzeuge<\/h2><div class='num_products'>46 Produkte<\/div><div class='image_wrapper'><img src='https:\/\/www.diagnosedan.com\/wp-content\/uploads\/2023\/02\/videoscopes-1.jpg'\/><\/div><\/a><\/div><\/div><\/div><\/div>\n\t\t\t\t\t\t<\/div>\n\t\t\t\t<\/div>\n\t\t\t\t\t<\/div>\n\t\t<\/div>\n\t\t\t\t\t<\/div>\n\t\t<\/section>\n\t\t\t\t<section class=\"elementor-section elementor-top-section elementor-element elementor-element-bc7225d elementor-section-full_width elementor-section-height-default elementor-section-height-default\" data-id=\"bc7225d\" data-element_type=\"section\" data-e-type=\"section\">\n\t\t\t\t\t\t<div class=\"elementor-container elementor-column-gap-no\">\n\t\t\t\t\t<div class=\"elementor-column elementor-col-100 elementor-top-column elementor-element elementor-element-d68cf91\" data-id=\"d68cf91\" data-element_type=\"column\" data-e-type=\"column\">\n\t\t\t<div class=\"elementor-widget-wrap elementor-element-populated\">\n\t\t\t\t\t\t<div class=\"elementor-element elementor-element-531e847 elementor-widget elementor-widget-template\" data-id=\"531e847\" data-element_type=\"widget\" data-e-type=\"widget\" data-widget_type=\"template.default\">\n\t\t\t\t<div class=\"elementor-widget-container\">\n\t\t\t\t\t\t\t<div class=\"elementor-template\">\n\t\t\t\t\t<div data-elementor-type=\"section\" data-elementor-id=\"211\" class=\"elementor elementor-211\" data-elementor-post-type=\"elementor_library\">\n\t\t\t\t\t<section class=\"elementor-section elementor-top-section elementor-element elementor-element-374f23e6 elementor-section-boxed elementor-section-height-default elementor-section-height-default\" data-id=\"374f23e6\" data-element_type=\"section\" data-e-type=\"section\" data-settings=\"{&quot;background_background&quot;:&quot;classic&quot;}\">\n\t\t\t\t\t\t<div class=\"elementor-container elementor-column-gap-default\">\n\t\t\t\t\t<div class=\"elementor-column elementor-col-100 elementor-top-column elementor-element elementor-element-414f5e26\" data-id=\"414f5e26\" data-element_type=\"column\" data-e-type=\"column\">\n\t\t\t<div class=\"elementor-widget-wrap elementor-element-populated\">\n\t\t\t\t\t\t<div class=\"elementor-element elementor-element-69d1391a elementor-widget elementor-widget-image\" data-id=\"69d1391a\" data-element_type=\"widget\" data-e-type=\"widget\" data-widget_type=\"image.default\">\n\t\t\t\t<div class=\"elementor-widget-container\">\n\t\t\t\t\t\t\t\t\t\t\t\t\t\t\t<img decoding=\"async\" width=\"1\" height=\"1\" src=\"https:\/\/www.diagnosedan.com\/wp-content\/uploads\/2022\/10\/DDTSB-logo.svg\" class=\"attachment-large size-large wp-image-71\" alt=\"\" \/>\t\t\t\t\t\t\t\t\t\t\t\t\t\t\t<\/div>\n\t\t\t\t<\/div>\n\t\t\t\t<div class=\"elementor-element elementor-element-57b69984 elementor-widget elementor-widget-heading\" data-id=\"57b69984\" data-element_type=\"widget\" data-e-type=\"widget\" data-widget_type=\"heading.default\">\n\t\t\t\t<div class=\"elementor-widget-container\">\n\t\t\t\t\t<h2 class=\"elementor-heading-title elementor-size-default\"><b>Technisch<\/b> St\u00fctzbasis<\/h2>\t\t\t\t<\/div>\n\t\t\t\t<\/div>\n\t\t\t\t<div class=\"elementor-element elementor-element-4876400e elementor-widget elementor-widget-heading\" data-id=\"4876400e\" data-element_type=\"widget\" data-e-type=\"widget\" data-widget_type=\"heading.default\">\n\t\t\t\t<div class=\"elementor-widget-container\">\n\t\t\t\t\t<p class=\"elementor-heading-title elementor-size-default\">Bei DDTSB sammeln wir Daten von gro\u00dfen europ\u00e4ischen Automotive Helpdesk Centern. \nAllein auf unserem DDTSB-Helpdesk l\u00f6sen wir bereits \u00fcber 50.000 F\u00e4lle j\u00e4hrlich, das sind eine Menge Daten! Wir analysieren diese Daten und suchen nach Trends, das hei\u00dft, wir suchen nach dem, was an bestimmten Automodellen ausf\u00e4llt. \nWenn wir einen Trend sehen, beginnen wir eine Untersuchung und erstellen ein Bulletin.<\/p>\t\t\t\t<\/div>\n\t\t\t\t<\/div>\n\t\t\t\t<div class=\"elementor-element elementor-element-29188975 elementor-align-center elementor-widget elementor-widget-button\" data-id=\"29188975\" data-element_type=\"widget\" data-e-type=\"widget\" data-widget_type=\"button.default\">\n\t\t\t\t<div class=\"elementor-widget-container\">\n\t\t\t\t\t\t\t\t\t<div class=\"elementor-button-wrapper\">\n\t\t\t\t\t<a class=\"elementor-button elementor-button-link elementor-size-sm\" href=\"https:\/\/www.diagnosedan.com\/de\/technischstutzbasis\/\">\n\t\t\t\t\t\t<span class=\"elementor-button-content-wrapper\">\n\t\t\t\t\t\t\t\t\t<span class=\"elementor-button-text\">Mehr erfahren<\/span>\n\t\t\t\t\t<\/span>\n\t\t\t\t\t<\/a>\n\t\t\t\t<\/div>\n\t\t\t\t\t\t\t\t<\/div>\n\t\t\t\t<\/div>\n\t\t\t\t\t<\/div>\n\t\t<\/div>\n\t\t\t\t\t<\/div>\n\t\t<\/section>\n\t\t\t\t<\/div>\n\t\t\t\t<\/div>\n\t\t\t\t\t\t<\/div>\n\t\t\t\t<\/div>\n\t\t\t\t\t<\/div>\n\t\t<\/div>\n\t\t\t\t\t<\/div>\n\t\t<\/section>\n\t\t\t\t<\/div>","protected":false},"excerpt":{"rendered":"<p>In our shop you&#8217;ll only \ufb01nd Diagnosedan approved products from recommended suppliers.&nbsp;Products made by professionals for professionals<\/p>","protected":false},"author":1,"featured_media":0,"parent":0,"menu_order":0,"comment_status":"closed","ping_status":"closed","template":"","meta":{"_acf_changed":false,"footnotes":""},"class_list":["post-15","page","type-page","status-publish","hentry"],"acf":[],"yoast_head":"<!-- This site is optimized with the Yoast SEO plugin v27.2 - https:\/\/yoast.com\/product\/yoast-seo-wordpress\/ -->\n<title>Webshop - DiagnoseDan<\/title>\n<meta name=\"robots\" content=\"index, follow, max-snippet:-1, max-image-preview:large, max-video-preview:-1\" \/>\n<link rel=\"canonical\" href=\"https:\/\/www.diagnosedan.com\/de\/webshop\/\" \/>\n<meta property=\"og:locale\" content=\"de_DE\" \/>\n<meta property=\"og:type\" content=\"article\" \/>\n<meta property=\"og:title\" content=\"Webshop - DiagnoseDan\" \/>\n<meta property=\"og:description\" content=\"In our shop you&#8217;ll only \ufb01nd Diagnosedan approved products from recommended suppliers.&nbsp;Products made by professionals for professionals\" \/>\n<meta property=\"og:url\" content=\"https:\/\/www.diagnosedan.com\/de\/webshop\/\" \/>\n<meta property=\"og:site_name\" content=\"DiagnoseDan\" \/>\n<meta property=\"article:publisher\" content=\"https:\/\/www.facebook.com\/diagnoseDan\" \/>\n<meta property=\"article:modified_time\" content=\"2022-12-15T13:05:23+00:00\" \/>\n<meta name=\"twitter:card\" content=\"summary_large_image\" \/>\n<meta name=\"twitter:label1\" content=\"Gesch\u00e4tzte Lesezeit\" \/>\n\t<meta name=\"twitter:data1\" content=\"5\u00a0Minuten\" \/>\n<script type=\"application\/ld+json\" class=\"yoast-schema-graph\">{\"@context\":\"https:\/\/schema.org\",\"@graph\":[{\"@type\":\"WebPage\",\"@id\":\"https:\/\/www.diagnosedan.com\/nl\/webshop\/\",\"url\":\"https:\/\/www.diagnosedan.com\/nl\/webshop\/\",\"name\":\"Webshop - DiagnoseDan\",\"isPartOf\":{\"@id\":\"https:\/\/www.diagnosedan.com\/#website\"},\"datePublished\":\"2022-10-13T12:43:28+00:00\",\"dateModified\":\"2022-12-15T13:05:23+00:00\",\"breadcrumb\":{\"@id\":\"https:\/\/www.diagnosedan.com\/nl\/webshop\/#breadcrumb\"},\"inLanguage\":\"de\",\"potentialAction\":[{\"@type\":\"ReadAction\",\"target\":[\"https:\/\/www.diagnosedan.com\/nl\/webshop\/\"]}]},{\"@type\":\"BreadcrumbList\",\"@id\":\"https:\/\/www.diagnosedan.com\/nl\/webshop\/#breadcrumb\",\"itemListElement\":[{\"@type\":\"ListItem\",\"position\":1,\"name\":\"Home\",\"item\":\"https:\/\/www.diagnosedan.com\/\"},{\"@type\":\"ListItem\",\"position\":2,\"name\":\"Webshop\"}]},{\"@type\":\"WebSite\",\"@id\":\"https:\/\/www.diagnosedan.com\/#website\",\"url\":\"https:\/\/www.diagnosedan.com\/\",\"name\":\"DiagnoseDan\",\"description\":\"\",\"publisher\":{\"@id\":\"https:\/\/www.diagnosedan.com\/#organization\"},\"potentialAction\":[{\"@type\":\"SearchAction\",\"target\":{\"@type\":\"EntryPoint\",\"urlTemplate\":\"https:\/\/www.diagnosedan.com\/?s={search_term_string}\"},\"query-input\":{\"@type\":\"PropertyValueSpecification\",\"valueRequired\":true,\"valueName\":\"search_term_string\"}}],\"inLanguage\":\"de\"},{\"@type\":\"Organization\",\"@id\":\"https:\/\/www.diagnosedan.com\/#organization\",\"name\":\"DiagnoseDan\",\"url\":\"https:\/\/www.diagnosedan.com\/\",\"logo\":{\"@type\":\"ImageObject\",\"inLanguage\":\"de\",\"@id\":\"https:\/\/www.diagnosedan.com\/#\/schema\/logo\/image\/\",\"url\":\"https:\/\/www.diagnosedan.com\/wp-content\/uploads\/2022\/10\/logo.svg\",\"contentUrl\":\"https:\/\/www.diagnosedan.com\/wp-content\/uploads\/2022\/10\/logo.svg\",\"width\":100,\"height\":100,\"caption\":\"DiagnoseDan\"},\"image\":{\"@id\":\"https:\/\/www.diagnosedan.com\/#\/schema\/logo\/image\/\"},\"sameAs\":[\"https:\/\/www.facebook.com\/diagnoseDan\"]}]}<\/script>\n<!-- \/ Yoast SEO plugin. -->","yoast_head_json":{"title":"Webshop - DiagnoseDan","robots":{"index":"index","follow":"follow","max-snippet":"max-snippet:-1","max-image-preview":"max-image-preview:large","max-video-preview":"max-video-preview:-1"},"canonical":"https:\/\/www.diagnosedan.com\/de\/webshop\/","og_locale":"de_DE","og_type":"article","og_title":"Webshop - DiagnoseDan","og_description":"In our shop you&#8217;ll only \ufb01nd Diagnosedan approved products from recommended suppliers.&nbsp;Products made by professionals for professionals","og_url":"https:\/\/www.diagnosedan.com\/de\/webshop\/","og_site_name":"DiagnoseDan","article_publisher":"https:\/\/www.facebook.com\/diagnoseDan","article_modified_time":"2022-12-15T13:05:23+00:00","twitter_card":"summary_large_image","twitter_misc":{"Gesch\u00e4tzte Lesezeit":"5\u00a0Minuten"},"schema":{"@context":"https:\/\/schema.org","@graph":[{"@type":"WebPage","@id":"https:\/\/www.diagnosedan.com\/nl\/webshop\/","url":"https:\/\/www.diagnosedan.com\/nl\/webshop\/","name":"Webshop - DiagnoseDan","isPartOf":{"@id":"https:\/\/www.diagnosedan.com\/#website"},"datePublished":"2022-10-13T12:43:28+00:00","dateModified":"2022-12-15T13:05:23+00:00","breadcrumb":{"@id":"https:\/\/www.diagnosedan.com\/nl\/webshop\/#breadcrumb"},"inLanguage":"de","potentialAction":[{"@type":"ReadAction","target":["https:\/\/www.diagnosedan.com\/nl\/webshop\/"]}]},{"@type":"BreadcrumbList","@id":"https:\/\/www.diagnosedan.com\/nl\/webshop\/#breadcrumb","itemListElement":[{"@type":"ListItem","position":1,"name":"Home","item":"https:\/\/www.diagnosedan.com\/"},{"@type":"ListItem","position":2,"name":"Webshop"}]},{"@type":"WebSite","@id":"https:\/\/www.diagnosedan.com\/#website","url":"https:\/\/www.diagnosedan.com\/","name":"DiagnoseDan","description":"","publisher":{"@id":"https:\/\/www.diagnosedan.com\/#organization"},"potentialAction":[{"@type":"SearchAction","target":{"@type":"EntryPoint","urlTemplate":"https:\/\/www.diagnosedan.com\/?s={search_term_string}"},"query-input":{"@type":"PropertyValueSpecification","valueRequired":true,"valueName":"search_term_string"}}],"inLanguage":"de"},{"@type":"Organization","@id":"https:\/\/www.diagnosedan.com\/#organization","name":"DiagnoseDan","url":"https:\/\/www.diagnosedan.com\/","logo":{"@type":"ImageObject","inLanguage":"de","@id":"https:\/\/www.diagnosedan.com\/#\/schema\/logo\/image\/","url":"https:\/\/www.diagnosedan.com\/wp-content\/uploads\/2022\/10\/logo.svg","contentUrl":"https:\/\/www.diagnosedan.com\/wp-content\/uploads\/2022\/10\/logo.svg","width":100,"height":100,"caption":"DiagnoseDan"},"image":{"@id":"https:\/\/www.diagnosedan.com\/#\/schema\/logo\/image\/"},"sameAs":["https:\/\/www.facebook.com\/diagnoseDan"]}]}},"_links":{"self":[{"href":"https:\/\/www.diagnosedan.com\/de\/wp-json\/wp\/v2\/pages\/15","targetHints":{"allow":["GET"]}}],"collection":[{"href":"https:\/\/www.diagnosedan.com\/de\/wp-json\/wp\/v2\/pages"}],"about":[{"href":"https:\/\/www.diagnosedan.com\/de\/wp-json\/wp\/v2\/types\/page"}],"author":[{"embeddable":true,"href":"https:\/\/www.diagnosedan.com\/de\/wp-json\/wp\/v2\/users\/1"}],"replies":[{"embeddable":true,"href":"https:\/\/www.diagnosedan.com\/de\/wp-json\/wp\/v2\/comments?post=15"}],"version-history":[{"count":131,"href":"https:\/\/www.diagnosedan.com\/de\/wp-json\/wp\/v2\/pages\/15\/revisions"}],"predecessor-version":[{"id":746,"href":"https:\/\/www.diagnosedan.com\/de\/wp-json\/wp\/v2\/pages\/15\/revisions\/746"}],"wp:attachment":[{"href":"https:\/\/www.diagnosedan.com\/de\/wp-json\/wp\/v2\/media?parent=15"}],"curies":[{"name":"wp","href":"https:\/\/api.w.org\/{rel}","templated":true}]}}